{"id":221,"date":"2020-04-23T04:53:53","date_gmt":"2020-04-23T04:53:53","guid":{"rendered":"https:\/\/magdalenapadzik.com\/?page_id=221"},"modified":"2020-04-27T07:28:24","modified_gmt":"2020-04-27T07:28:24","slug":"","status":"publish","type":"page","link":"https:\/\/magdalenapadzik.com\/de\/ciekawostki\/","title":{"rendered":"","raw":""},"content":{"rendered":"","protected":false,"raw":""},"excerpt":{"rendered":"","protected":false,"raw":""},"author":2,"featured_media":0,"parent":0,"menu_order":0,"comment_status":"closed","ping_status":"closed","template":"","meta":{"_pl_post_content":"<!-- wp:paragraph -->\n<p>Poni\u017cej kilka przydatnych informacji... <\/p>\n<!-- \/wp:paragraph -->\n\n<!-- wp:group -->\n<div class=\"wp-block-group\"><div class=\"wp-block-group__inner-container\"><!-- wp:preformatted -->\n<pre class=\"wp-block-preformatted\"><a href=\"https:\/\/magdalenapadzik.com\/odpowiedzialnosc_dziennikarza\/\">ODPOWIEDZIALNO\u015a\u0106 DZIENNIKARZA<\/a>\n\n<a href=\"https:\/\/magdalenapadzik.com\/sluzebnosc\/\">S\u0141U\u017bEBNO\u015a\u0106<\/a>\n\n<a href=\"https:\/\/magdalenapadzik.com\/kiedy_wnosic_dowody\/\">KIEDY WNOSI\u0106 DOWODY<\/a>\n\n<a href=\"https:\/\/magdalenapadzik.com\/wp-content\/uploads\/2020\/04\/RODO.pdf\">RODO<\/a><\/pre>\n<!-- \/wp:preformatted --><\/div><\/div>\n<!-- \/wp:group -->\n\n<!-- wp:paragraph -->\n<p><\/p>\n<!-- \/wp:paragraph -->","_pl_post_name":"ciekawostki","_pl_post_excerpt":"","_pl_post_title":"Ciekawostki","_en_post_content":"","_en_post_name":"","_en_post_excerpt":"","_en_post_title":"","_de_post_content":"","_de_post_name":"","_de_post_excerpt":"","_de_post_title":"","_ru_post_content":"","_ru_post_name":"","_ru_post_excerpt":"","_ru_post_title":"","_it_post_content":"","_it_post_name":"","_it_post_excerpt":"","_it_post_title":"","edit_language":"de","footnotes":""},"class_list":["post-221","page","type-page","status-publish","hentry"],"_links":{"self":[{"href":"https:\/\/magdalenapadzik.com\/de\/wp-json\/wp\/v2\/pages\/221","targetHints":{"allow":["GET"]}}],"collection":[{"href":"https:\/\/magdalenapadzik.com\/de\/wp-json\/wp\/v2\/pages"}],"about":[{"href":"https:\/\/magdalenapadzik.com\/de\/wp-json\/wp\/v2\/types\/page"}],"author":[{"embeddable":true,"href":"https:\/\/magdalenapadzik.com\/de\/wp-json\/wp\/v2\/users\/2"}],"replies":[{"embeddable":true,"href":"https:\/\/magdalenapadzik.com\/de\/wp-json\/wp\/v2\/comments?post=221"}],"version-history":[{"count":11,"href":"https:\/\/magdalenapadzik.com\/de\/wp-json\/wp\/v2\/pages\/221\/revisions"}],"predecessor-version":[{"id":254,"href":"https:\/\/magdalenapadzik.com\/de\/wp-json\/wp\/v2\/pages\/221\/revisions\/254"}],"wp:attachment":[{"href":"https:\/\/magdalenapadzik.com\/de\/wp-json\/wp\/v2\/media?parent=221"}],"curies":[{"name":"wp","href":"https:\/\/api.w.org\/{rel}","templated":true}]}}