{"id":41,"date":"2018-11-16T13:56:22","date_gmt":"2018-11-16T13:56:22","guid":{"rendered":"https:\/\/magdalenapadzik.com\/?page_id=41"},"modified":"2019-03-13T20:27:38","modified_gmt":"2019-03-13T20:27:38","slug":"wynagrodzenie","status":"publish","type":"page","link":"https:\/\/magdalenapadzik.com\/it\/wynagrodzenie\/","title":{"rendered":"Retribuzione","raw":"Retribuzione"},"content":{"rendered":"<p>La retribuzione relativa all\u2019assistenza legale espletata dipende dal contributo di lavoro dedicato a singoli pratiche. Lo Studio Legale garantisce un calcolo di retribuzione, accurato e trasparente, basato su:<\/p>\n<ul>\n<li>Sistema orario,<\/li>\n<li>Sistema forfetizzato,<\/li>\n<li>Sistema normativo.<\/li>\n<\/ul>\n<blockquote>\n<h5>ai sensi del Regolamento del Ministro della Giustizia del 22 ottobre 2015 sulle tasse per pratiche espletate da consulenti legali Dz.U.2018.265<\/h5>\n<\/blockquote>\n","protected":false,"raw":"La retribuzione relativa all\u2019assistenza legale espletata dipende dal contributo di lavoro dedicato a singoli pratiche. Lo Studio Legale garantisce un calcolo di retribuzione, accurato e trasparente, basato su:\n<ul>\n \t<li>Sistema orario,<\/li>\n \t<li>Sistema forfetizzato,<\/li>\n \t<li>Sistema normativo.<\/li>\n<\/ul>\n<blockquote>\n<h5>ai sensi del Regolamento del Ministro della Giustizia del 22 ottobre 2015 sulle tasse per pratiche espletate da consulenti legali Dz.U.2018.265<\/h5>\n<\/blockquote>"},"excerpt":{"rendered":"","protected":false,"raw":""},"author":1,"featured_media":0,"parent":0,"menu_order":0,"comment_status":"closed","ping_status":"closed","template":"","meta":{"_pl_post_content":"Wynagrodzenie Kancelarii za \u015bwiadczon\u0105 pomoc prawn\u0105 uzale\u017cnione jest od nak\u0142adu pracy zwi\u0105zanego z wykonywaniem poszczeg\u00f3lnych czynno\u015bci. Kancelaria zapewnia przejrzysto\u015b\u0107 i rzetelno\u015b\u0107 kalkulacji honorarium w oparciu o:\n<ul>\n \t<li>system godzinowy,<\/li>\n \t<li>system rycza\u0142towy,<\/li>\n \t<li>system normatywny.<\/li>\n<\/ul>\n<blockquote>\n<h5>Rozporz\u0105dzenie Ministra Sprawiedliwo\u015bci z dnia 22 pa\u017adziernika 2015 r. w sprawie op\u0142at za czynno\u015bci radc\u00f3w prawnych, Dz.U 2018.265.<\/h5>\n<\/blockquote>","_pl_post_name":"wynagrodzenie","_pl_post_excerpt":"","_pl_post_title":"Wynagrodzenie","_en_post_content":"Payment for the services rendered is dependant upon the workload involved in the performing of the activities. The Law Office ensures transparent and honest calculation of the fee based on:\n<ul>\n \t<li>hourly system,<\/li>\n \t<li>flat-rate system,<\/li>\n \t<li>standardized system.<\/li>\n<\/ul>\n<blockquote>\n<h5>The Decree of the Minister of Justice of 22 October 2015 regarding the fees from legal adviser's services, Journal of Law 2018.265.<\/h5>\n<\/blockquote>","_en_post_name":"wynagrodzenie","_en_post_excerpt":"","_en_post_title":"Payment","_de_post_content":"Die Verg\u00fctung f\u00fcr Rechtshilfe ist abh\u00e4ngig von der Arbeitsbelastung im Einzelnf\u00e4llen. Das B\u00fcro sichert Klarheit und Zuverl\u00e4ssigkeit der Berechnungen anhand:\n<ul>\n \t<li>Stundenberechnung,<\/li>\n \t<li>Pauschalbetrag,<\/li>\n \t<li>normatives System.<\/li>\n<\/ul>\n<blockquote>\n<h5>Die Anordnung des Justizministers vom 22. Oktober 2015 w\u00e4hrend der Sache die Geb\u00fchren f\u00fcr die T\u00e4tigkeiten der Rechtsberater (Dz.U.2018.265)<\/h5>\n<\/blockquote>","_de_post_name":"wynagrodzenie","_de_post_excerpt":"","_de_post_title":"Honorar","_ru_post_content":"\u0412\u043e\u0437\u043d\u0430\u0433\u0440\u0430\u0436\u0434\u0435\u043d\u0438\u0435 \u041a\u0430\u043d\u0446\u0435\u043b\u044f\u0440\u0438\u0438 \u0437\u0430 \u043e\u043a\u0430\u0437\u044b\u0432\u0430\u0435\u043c\u0443\u044e \u043f\u043e\u043c\u043e\u0449\u044c \u0437\u0430\u0432\u0438\u0441\u0438\u0442 \u043e\u0442 \u0432\u043b\u043e\u0436\u0435\u043d\u043d\u044b\u0445 \u0443\u0441\u0438\u043b\u0438\u0439, \u0441\u0432\u044f\u0437\u0430\u043d\u043d\u044b\u0445 \u0441 \u0432\u044b\u043f\u043e\u043b\u043d\u0435\u043d\u0438\u0435\u043c \u043e\u043f\u0440\u0435\u0434\u0435\u043b\u0451\u043d\u043d\u044b\u0445 \u0437\u0430\u0434\u0430\u043d\u0438\u0439. \u041a\u0430\u043d\u0446\u0435\u043b\u044f\u0440\u0438\u044f \u0433\u0430\u0440\u0430\u043d\u0442\u0438\u0440\u0443\u0435\u0442 \u0442\u043e\u0447\u043d\u044b\u0439 \u0438 \u0447\u0451\u0442\u043a\u0438\u0439 \u0440\u0430\u0441\u0447\u0451\u0442 \u0432\u043e\u0437\u043d\u0430\u0433\u0440\u0430\u0436\u0434\u0435\u043d\u0438\u044f, \u043e\u043f\u0438\u0440\u0430\u044e\u0449\u0438\u0439\u0441\u044f \u043d\u0430:\n<ul>\n \t<li>\u043f\u043e\u0432\u0440\u0435\u043c\u0435\u043d\u043d\u043e\u0439 \u0441\u0438\u0441\u0442\u0435\u043c\u0435,<\/li>\n \t<li>\u0441\u0438\u0441\u0442\u0435\u043c\u0435 \u0434\u043e\u0433\u043e\u0432\u043e\u0440\u043d\u043e\u0439 \u0441\u0442\u0430\u0432\u043a\u0438,<\/li>\n \t<li>\u043d\u043e\u0440\u043c\u0430\u0442\u0438\u0432\u043d\u043e\u0439 \u0441\u0438\u0441\u0442\u0435\u043c\u0435.<\/li>\n<\/ul>\n<blockquote>\n<h5>\u0423\u043a\u0430\u0437 \u041c\u0438\u043d\u0438\u0441\u0442\u0440\u0430 \u042e\u0441\u0442\u0438\u0446\u0438\u0438 \u043e\u0442 22 \u043e\u043a\u0442\u044f\u0431\u0440\u044f 2015 \u0433. \u043f\u043e \u0432\u043e\u043f\u0440\u043e\u0441\u0430\u043c \u043f\u043b\u0430\u0442\u0435\u0436\u0435\u0439 \u0437\u0430 \u0432\u044b\u043f\u043e\u043b\u043d\u0435\u043d\u043d\u0443\u044e \u0440\u0430\u0431\u043e\u0442\u0443 \u044e\u0440\u0438\u0441\u043a\u043e\u043d\u0441\u0443\u043b\u044c\u0442\u043e\u043c(Dz.U.2018.265.)<\/h5>\n<\/blockquote>","_ru_post_name":"wynagrodzenie","_ru_post_excerpt":"","_ru_post_title":"\u0412\u043e\u0437\u043d\u0430\u0433\u0440\u0430\u0436\u0434\u0435\u043d\u0438\u0435","_it_post_content":"La retribuzione relativa all\u2019assistenza legale espletata dipende dal contributo di lavoro dedicato a singoli pratiche. Lo Studio Legale garantisce un calcolo di retribuzione, accurato e trasparente, basato su:\n<ul>\n \t<li>Sistema orario,<\/li>\n \t<li>Sistema forfetizzato,<\/li>\n \t<li>Sistema normativo.<\/li>\n<\/ul>\n<blockquote>\n<h5>ai sensi del Regolamento del Ministro della Giustizia del 22 ottobre 2015 sulle tasse per pratiche espletate da consulenti legali Dz.U.2018.265<\/h5>\n<\/blockquote>","_it_post_name":"wynagrodzenie","_it_post_excerpt":"","_it_post_title":"Retribuzione","edit_language":"it","footnotes":""},"class_list":["post-41","page","type-page","status-publish","hentry"],"_links":{"self":[{"href":"https:\/\/magdalenapadzik.com\/it\/wp-json\/wp\/v2\/pages\/41","targetHints":{"allow":["GET"]}}],"collection":[{"href":"https:\/\/magdalenapadzik.com\/it\/wp-json\/wp\/v2\/pages"}],"about":[{"href":"https:\/\/magdalenapadzik.com\/it\/wp-json\/wp\/v2\/types\/page"}],"author":[{"embeddable":true,"href":"https:\/\/magdalenapadzik.com\/it\/wp-json\/wp\/v2\/users\/1"}],"replies":[{"embeddable":true,"href":"https:\/\/magdalenapadzik.com\/it\/wp-json\/wp\/v2\/comments?post=41"}],"version-history":[{"count":8,"href":"https:\/\/magdalenapadzik.com\/it\/wp-json\/wp\/v2\/pages\/41\/revisions"}],"predecessor-version":[{"id":173,"href":"https:\/\/magdalenapadzik.com\/it\/wp-json\/wp\/v2\/pages\/41\/revisions\/173"}],"wp:attachment":[{"href":"https:\/\/magdalenapadzik.com\/it\/wp-json\/wp\/v2\/media?parent=41"}],"curies":[{"name":"wp","href":"https:\/\/api.w.org\/{rel}","templated":true}]}}